{"id":456,"date":"2018-11-28T15:27:13","date_gmt":"2018-11-28T14:27:13","guid":{"rendered":"https:\/\/rogel.artiweb.it?page_id=456"},"modified":"2022-06-02T22:59:11","modified_gmt":"2022-06-02T20:59:11","slug":"contatti","status":"publish","type":"page","link":"https:\/\/rogel.artiweb.it\/fr\/contactez-nous\/","title":{"rendered":"Contactez nous"},"content":{"rendered":"\n\n\nOn travaille dans un secteur o\u00f9 la qualit\u00e9 et le service sont des aspects importants.\n\n\n\n\n\n\n\nNous sommes l\u00e0 pour vous donner plus d&rsquo;informations, r\u00e9pondre \u00e0 vos questions et trouver les produits qui r\u00e9pondent le mieux \u00e0 vos besoins.\nMerci d&rsquo;avoir visit\u00e9 notre site. Remplissez le formulaire ci-dessous en pr\u00e9cisant vos besoins et nous vous r\u00e9pondrons dans les proc [...] <br \/><a class=\"btn-filled btn\" href=\"https:\/\/rogel.artiweb.it\/fr\/contactez-nous\/\"><p>Lire la suite<\/p>\n<\/a>","protected":false},"excerpt":{"rendered":"<p>On travaille dans un secteur o\u00f9 la qualit\u00e9 et le service sont des aspects importants. Nous sommes l\u00e0 pour vous &hellip; <a href=\"https:\/\/rogel.artiweb.it\/fr\/contactez-nous\/\" class=\"more-link\">Continue reading <span class=\"screen-reader-text\">Contactez nous<\/span><\/a><\/p>\n","protected":false},"author":1,"featured_media":0,"parent":0,"menu_order":0,"comment_status":"closed","ping_status":"closed","template":"","meta":{"_acf_changed":false,"footnotes":""},"class_list":["post-456","page","type-page","status-publish","hentry"],"translation":{"provider":"WPGlobus","version":"3.0.2","language":"fr","enabled_languages":["it","en","fr","de","es"],"languages":{"it":{"title":true,"content":true,"excerpt":false},"en":{"title":true,"content":true,"excerpt":false},"fr":{"title":true,"content":true,"excerpt":false},"de":{"title":true,"content":true,"excerpt":false},"es":{"title":true,"content":true,"excerpt":false}}},"acf":[],"_links":{"self":[{"href":"https:\/\/rogel.artiweb.it\/fr\/wp-json\/wp\/v2\/pages\/456","targetHints":{"allow":["GET"]}}],"collection":[{"href":"https:\/\/rogel.artiweb.it\/fr\/wp-json\/wp\/v2\/pages"}],"about":[{"href":"https:\/\/rogel.artiweb.it\/fr\/wp-json\/wp\/v2\/types\/page"}],"author":[{"embeddable":true,"href":"https:\/\/rogel.artiweb.it\/fr\/wp-json\/wp\/v2\/users\/1"}],"replies":[{"embeddable":true,"href":"https:\/\/rogel.artiweb.it\/fr\/wp-json\/wp\/v2\/comments?post=456"}],"version-history":[{"count":78,"href":"https:\/\/rogel.artiweb.it\/fr\/wp-json\/wp\/v2\/pages\/456\/revisions"}],"predecessor-version":[{"id":3498,"href":"https:\/\/rogel.artiweb.it\/fr\/wp-json\/wp\/v2\/pages\/456\/revisions\/3498"}],"wp:attachment":[{"href":"https:\/\/rogel.artiweb.it\/fr\/wp-json\/wp\/v2\/media?parent=456"}],"curies":[{"name":"wp","href":"https:\/\/api.w.org\/{rel}","templated":true}]}}