{"id":4061,"date":"2024-01-02T14:13:21","date_gmt":"2024-01-02T13:13:21","guid":{"rendered":"https:\/\/rogel.artiweb.it\/materiali-promozionali-2"},"modified":"2026-01-16T08:54:46","modified_gmt":"2026-01-16T07:54:46","slug":"download","status":"publish","type":"page","link":"https:\/\/rogel.artiweb.it\/fr\/download\/","title":{"rendered":"T\u00e9l\u00e9chargez notre catalogue 2026 et nos recettes"},"content":{"rendered":"\r\n\r\n\r\n\r\nCatalogue 2026\r\nT\u00e9l\u00e9chargez et parcourez le nouveau catalogue.D\u00e9couvrez toutes les nouveaut\u00e9s de 2026.\r\n\r\nT\u00e9l\u00e9charger le PDF\r\n\r\n\r\n\r\n\u00a0\r\n\u00a0\r\n\r\n\r\n\r\n\r\n\r\n\r\nRecettes de P\u00e2tisserie\r\nTout le savoir-faire d&rsquo;un ma\u00eetre incontest\u00e9. Toute la bont\u00e9 de nos fruits. Giuseppe Gagliardi et Rogelfrut ont collabor\u00e9 pour vous offrir une s\u00e9lection de recettes innovantes, mettant en  [...] <br \/><a class=\"btn-filled btn\" href=\"https:\/\/rogel.artiweb.it\/fr\/download\/\">Lire la suite<\/a>","protected":false},"excerpt":{"rendered":"<p>\u00a0 Catalogo Prodotti 2026 Scarica subito il nostro catalogo e scopri tutte le novit\u00e0. Scarica il nostro catalogo 2026 \u00a0 &hellip; <a href=\"https:\/\/rogel.artiweb.it\/fr\/download\/\" class=\"more-link\">Continue reading <span class=\"screen-reader-text\">T\u00e9l\u00e9chargez notre catalogue 2026 et nos recettes<\/span><\/a><\/p>\n","protected":false},"author":17,"featured_media":0,"parent":0,"menu_order":0,"comment_status":"closed","ping_status":"closed","template":"","meta":{"_acf_changed":false,"footnotes":""},"class_list":["post-4061","page","type-page","status-publish","hentry"],"translation":{"provider":"WPGlobus","version":"3.0.2","language":"fr","enabled_languages":["it","en","fr","de","es"],"languages":{"it":{"title":true,"content":true,"excerpt":false},"en":{"title":true,"content":true,"excerpt":false},"fr":{"title":true,"content":true,"excerpt":false},"de":{"title":true,"content":true,"excerpt":false},"es":{"title":true,"content":true,"excerpt":false}}},"acf":[],"_links":{"self":[{"href":"https:\/\/rogel.artiweb.it\/fr\/wp-json\/wp\/v2\/pages\/4061","targetHints":{"allow":["GET"]}}],"collection":[{"href":"https:\/\/rogel.artiweb.it\/fr\/wp-json\/wp\/v2\/pages"}],"about":[{"href":"https:\/\/rogel.artiweb.it\/fr\/wp-json\/wp\/v2\/types\/page"}],"author":[{"embeddable":true,"href":"https:\/\/rogel.artiweb.it\/fr\/wp-json\/wp\/v2\/users\/17"}],"replies":[{"embeddable":true,"href":"https:\/\/rogel.artiweb.it\/fr\/wp-json\/wp\/v2\/comments?post=4061"}],"version-history":[{"count":355,"href":"https:\/\/rogel.artiweb.it\/fr\/wp-json\/wp\/v2\/pages\/4061\/revisions"}],"predecessor-version":[{"id":7895,"href":"https:\/\/rogel.artiweb.it\/fr\/wp-json\/wp\/v2\/pages\/4061\/revisions\/7895"}],"wp:attachment":[{"href":"https:\/\/rogel.artiweb.it\/fr\/wp-json\/wp\/v2\/media?parent=4061"}],"curies":[{"name":"wp","href":"https:\/\/api.w.org\/{rel}","templated":true}]}}