{"id":4061,"date":"2024-01-02T14:13:21","date_gmt":"2024-01-02T13:13:21","guid":{"rendered":"https:\/\/rogel.artiweb.it\/materiali-promozionali-2"},"modified":"2026-01-16T08:54:46","modified_gmt":"2026-01-16T07:54:46","slug":"download","status":"publish","type":"page","link":"https:\/\/rogel.artiweb.it\/es\/download\/","title":{"rendered":"Descarga nuestro cat\u00e1logo 2026 y nuestras recetas"},"content":{"rendered":"\r\n\r\n\r\n\r\nCatalogo 2026\r\nDescarga el nuevo cat\u00e1logo 2026 y descubre todas las novedades.\r\n\r\nscarica PDF\r\n\r\n\r\n\r\n\u00a0\r\n\u00a0\r\n\r\n\r\n\r\n\r\n\r\n\r\nRecetas Helados\r\nLa gama de fruta Rogelfrut y el apoyo de los mejores profesionales han dado vida a una selecci\u00f3n de recetas de f\u00e1cil uso para la elaboraci\u00f3n de sorbetes y granizados a base de frutas. Respetando la naturaleza y tus mayores pasiones.\r\n\u00a0\r\n\r [...] <br \/><a class=\"btn-filled btn\" href=\"https:\/\/rogel.artiweb.it\/es\/download\/\">Lee mas<\/a>","protected":false},"excerpt":{"rendered":"<p>\u00a0 Catalogo Prodotti 2026 Scarica subito il nostro catalogo e scopri tutte le novit\u00e0. Scarica il nostro catalogo 2026 \u00a0 &hellip; <a href=\"https:\/\/rogel.artiweb.it\/es\/download\/\" class=\"more-link\">Continue reading <span class=\"screen-reader-text\">Descarga nuestro cat\u00e1logo 2026 y nuestras recetas<\/span><\/a><\/p>\n","protected":false},"author":17,"featured_media":0,"parent":0,"menu_order":0,"comment_status":"closed","ping_status":"closed","template":"","meta":{"_acf_changed":false,"footnotes":""},"class_list":["post-4061","page","type-page","status-publish","hentry"],"translation":{"provider":"WPGlobus","version":"3.0.2","language":"es","enabled_languages":["it","en","fr","de","es"],"languages":{"it":{"title":true,"content":true,"excerpt":false},"en":{"title":true,"content":true,"excerpt":false},"fr":{"title":true,"content":true,"excerpt":false},"de":{"title":true,"content":true,"excerpt":false},"es":{"title":true,"content":true,"excerpt":false}}},"acf":[],"_links":{"self":[{"href":"https:\/\/rogel.artiweb.it\/es\/wp-json\/wp\/v2\/pages\/4061","targetHints":{"allow":["GET"]}}],"collection":[{"href":"https:\/\/rogel.artiweb.it\/es\/wp-json\/wp\/v2\/pages"}],"about":[{"href":"https:\/\/rogel.artiweb.it\/es\/wp-json\/wp\/v2\/types\/page"}],"author":[{"embeddable":true,"href":"https:\/\/rogel.artiweb.it\/es\/wp-json\/wp\/v2\/users\/17"}],"replies":[{"embeddable":true,"href":"https:\/\/rogel.artiweb.it\/es\/wp-json\/wp\/v2\/comments?post=4061"}],"version-history":[{"count":355,"href":"https:\/\/rogel.artiweb.it\/es\/wp-json\/wp\/v2\/pages\/4061\/revisions"}],"predecessor-version":[{"id":7895,"href":"https:\/\/rogel.artiweb.it\/es\/wp-json\/wp\/v2\/pages\/4061\/revisions\/7895"}],"wp:attachment":[{"href":"https:\/\/rogel.artiweb.it\/es\/wp-json\/wp\/v2\/media?parent=4061"}],"curies":[{"name":"wp","href":"https:\/\/api.w.org\/{rel}","templated":true}]}}