{"id":456,"date":"2018-11-28T15:27:13","date_gmt":"2018-11-28T14:27:13","guid":{"rendered":"https:\/\/rogel.artiweb.it?page_id=456"},"modified":"2022-06-02T22:59:11","modified_gmt":"2022-06-02T20:59:11","slug":"contatti","status":"publish","type":"page","link":"https:\/\/rogel.artiweb.it\/de\/kontakte\/","title":{"rendered":"Kontakte"},"content":{"rendered":"Wir sind in einem Sektor t\u00e4tig, in dem Qualit\u00e4t und Service grundlegende Aspekte sind. Wir sind hier, um Ihnen weitere Informationen zu geben, Ihre Fragen zu beantworten und die Produkte zu finden, die Ihren spezifischen Bed\u00fcrfnissen am besten entsprechen.\nVielen Dank f\u00fcr Ihren Besuch unserer Website. F\u00fcllen Sie das untenstehende Formular aus und geben Sie Ihre Bed\u00fcrfnisse an. Wir [...] <br \/><a class=\"btn-filled btn\" href=\"https:\/\/rogel.artiweb.it\/de\/kontakte\/\"><p>Weiterlesen<\/p>\n<\/a>","protected":false},"excerpt":{"rendered":"<p>Wir sind in einem Sektor t\u00e4tig, in dem Qualit\u00e4t und Service grundlegende Aspekte sind. Wir sind hier, um Ihnen weitere &hellip; <a href=\"https:\/\/rogel.artiweb.it\/de\/kontakte\/\" class=\"more-link\">Continue reading <span class=\"screen-reader-text\">Kontakte<\/span><\/a><\/p>\n","protected":false},"author":1,"featured_media":0,"parent":0,"menu_order":0,"comment_status":"closed","ping_status":"closed","template":"","meta":{"_acf_changed":false,"footnotes":""},"class_list":["post-456","page","type-page","status-publish","hentry"],"translation":{"provider":"WPGlobus","version":"3.0.2","language":"de","enabled_languages":["it","en","fr","de","es"],"languages":{"it":{"title":true,"content":true,"excerpt":false},"en":{"title":true,"content":true,"excerpt":false},"fr":{"title":true,"content":true,"excerpt":false},"de":{"title":true,"content":true,"excerpt":false},"es":{"title":true,"content":true,"excerpt":false}}},"acf":[],"_links":{"self":[{"href":"https:\/\/rogel.artiweb.it\/de\/wp-json\/wp\/v2\/pages\/456","targetHints":{"allow":["GET"]}}],"collection":[{"href":"https:\/\/rogel.artiweb.it\/de\/wp-json\/wp\/v2\/pages"}],"about":[{"href":"https:\/\/rogel.artiweb.it\/de\/wp-json\/wp\/v2\/types\/page"}],"author":[{"embeddable":true,"href":"https:\/\/rogel.artiweb.it\/de\/wp-json\/wp\/v2\/users\/1"}],"replies":[{"embeddable":true,"href":"https:\/\/rogel.artiweb.it\/de\/wp-json\/wp\/v2\/comments?post=456"}],"version-history":[{"count":78,"href":"https:\/\/rogel.artiweb.it\/de\/wp-json\/wp\/v2\/pages\/456\/revisions"}],"predecessor-version":[{"id":3498,"href":"https:\/\/rogel.artiweb.it\/de\/wp-json\/wp\/v2\/pages\/456\/revisions\/3498"}],"wp:attachment":[{"href":"https:\/\/rogel.artiweb.it\/de\/wp-json\/wp\/v2\/media?parent=456"}],"curies":[{"name":"wp","href":"https:\/\/api.w.org\/{rel}","templated":true}]}}